{"id":2925,"date":"2024-03-05T17:55:52","date_gmt":"2024-03-05T17:55:52","guid":{"rendered":"https:\/\/anthemofgrace.com\/nick-hall-haqqinda\/"},"modified":"2024-04-02T13:26:04","modified_gmt":"2024-04-02T13:26:04","slug":"nick-hall-haqqinda","status":"publish","type":"page","link":"https:\/\/anthemofgrace.com\/es\/nick-hall-haqqinda\/?lang=az","title":{"rendered":"NICK Hall haqq\u0131nda"},"content":{"rendered":"<div class=\"wpb-content-wrapper\"><div class=\"vc_row wpb_row vc_row-fluid wpb_animate_when_almost_visible wpb_fadeIn fadeIn vc_custom_1709820772512\"><div class=\"wpb_column vc_column_container vc_col-sm-7\"><div class=\"vc_column-inner\"><div class=\"wpb_wrapper\"><h1 class=\"vcex-heading vcex-heading-plain vcex-module wpex-heading wpex-text-2xl\"><span class=\"vcex-heading-inner wpex-inline-block\">NICK HALL HAQQINDA<\/span><\/h1>\n\t<div class=\"wpb_text_column wpb_content_element\" >\n\t\t<div class=\"wpb_wrapper\">\n\t\t\t<p>Nick Hall Pulse Evangelism-in t\u0259sis\u00e7isi v\u0259 prezidenti, Reset kitab\u0131n\u0131n m\u00fc\u0259llifi v\u0259 g\u0259l\u0259c\u0259k n\u0259sl\u0259 bu g\u00fcn\u00fcn apar\u0131c\u0131 evangelist s\u0259sl\u0259rind\u0259n biridir. O, d\u00fcnyada 330 milyondan \u00e7ox insana M\u00fcjd\u0259ni t\u0259bli\u011f edib v\u0259 o bilir ki, Tanr\u0131 h\u0259l\u0259 bitm\u0259yib.<\/p>\n\n\t\t<\/div>\n\t<\/div>\n\n\t<div style=\"color:#ff8255;font-style:italic;\" class=\"wpb_text_column has-custom-color wpex-child-inherit-color wpb_content_element  vc_custom_1709744515558 intro-text\" >\n\t\t<div class=\"wpb_wrapper\">\n\t\t\t<p>&#8220;M\u0259nim h\u0259yat\u0131m \u0130san\u0131 bir n\u0259slin \u00fcr\u0259yin\u0259 qoymaq \u00fc\u00e7\u00fcn var.&#8221; &#8211; Nik Hall<\/p>\n\n\t\t<\/div>\n\t<\/div>\n\n\t<div class=\"wpb_text_column wpb_content_element\" >\n\t\t<div class=\"wpb_wrapper\">\n\t\t\t<p>2006-c\u0131 ild\u0259 kollec \u015f\u0259h\u0259rciyind\u0259 \u0130san\u0131n \u00fcmidini b\u00f6l\u00fc\u015fm\u0259k \u0259qid\u0259si kimi ba\u015flayan \u015fey, itiril\u0259nl\u0259r\u0259 \u00e7atmaq v\u0259 onlar\u0131n n\u0259slini b\u00fct\u00fcn laz\u0131mi vasit\u0259l\u0259rl\u0259 \u0130ncill\u0259 d\u0259yi\u015fdirm\u0259y\u0259 sadiq olan evangelisti t\u0259chiz etm\u0259k \u00fc\u00e7\u00fcn qlobal h\u0259r\u0259kata \u00e7evrildi.<\/p>\n<p>Nik eyni zamanda Milli Evangelistl\u0259r Assosiasiyas\u0131n\u0131n \u0130craiyy\u0259 Komit\u0259sind\u0259 v\u0259 C\u0259dv\u0259l Koalisiyas\u0131n\u0131n prezidenti v\u0259 ba\u015f direktoru kimi f\u0259aliyy\u0259t g\u00f6st\u0259rir. O, h\u0259yat yolda\u015f\u0131 Tiffany v\u0259 \u00fc\u00e7 u\u015fa\u011f\u0131 il\u0259 Minneapolisd\u0259 ya\u015fay\u0131r.<\/p>\n\n\t\t<\/div>\n\t<\/div>\n<\/div><\/div><\/div><div class=\"wpb_column vc_column_container vc_col-sm-5\"><div class=\"vc_column-inner\"><div class=\"wpb_wrapper\"><style>.vcex-image.vcex_69d2985bc93d5 .vcex-image-inner{max-width:325px;}.vcex-image.vcex_69d2985bc93d5 .vcex-image-img{height:370px;}<\/style><figure class=\"vcex-image vcex-module textcenter nick-hall-image vcex_69d2985bc93d5\"><div class=\"vcex-image-inner wpex-relative wpex-inline-block vc_custom_1711114666517\"><img width=\"1400\" height=\"2142\" src=\"https:\/\/anthemofgrace.com\/wp-content\/uploads\/2024\/03\/NickHall_Photo-Color.png\" class=\"vcex-image-img wpex-align-middle wpex-object-contain\" alt=\"\" loading=\"lazy\" decoding=\"async\" srcset=\"https:\/\/anthemofgrace.com\/wp-content\/uploads\/2024\/03\/NickHall_Photo-Color.png 1400w, https:\/\/anthemofgrace.com\/wp-content\/uploads\/2024\/03\/NickHall_Photo-Color-196x300.png 196w, https:\/\/anthemofgrace.com\/wp-content\/uploads\/2024\/03\/NickHall_Photo-Color-669x1024.png 669w, https:\/\/anthemofgrace.com\/wp-content\/uploads\/2024\/03\/NickHall_Photo-Color-768x1175.png 768w, https:\/\/anthemofgrace.com\/wp-content\/uploads\/2024\/03\/NickHall_Photo-Color-1004x1536.png 1004w, https:\/\/anthemofgrace.com\/wp-content\/uploads\/2024\/03\/NickHall_Photo-Color-1339x2048.png 1339w\" sizes=\"auto, (max-width: 1400px) 100vw, 1400px\" \/><\/div><\/figure><h1 class=\"vcex-heading vcex-heading-plain vcex-module wpex-heading wpex-text-2xl wpex-text-center nick-hall-heading\"><span class=\"vcex-heading-inner wpex-inline-block\">NICK HALL<\/span><\/h1><\/div><\/div><\/div><\/div><div data-vc-full-width=\"true\" data-vc-full-width-init=\"false\" class=\"vc_row wpb_row vc_row-fluid wpb_animate_when_almost_visible wpb_fadeIn fadeIn vc_custom_1709755882506 vc_row-o-content-middle vc_row-flex wpex-vc_row-has-fill wpex-vc-row-stretched\"><div class=\"wpb_column vc_column_container vc_col-sm-12\"><div class=\"vc_column-inner vc_custom_1709744234856\"><div class=\"wpb_wrapper\">\n\t<div style=\"color:#ff8255;font-family:ZTBrosOskon90s;font-size:32px;font-weight:400;text-align:center;line-height:40px;width:90%;font-style:italic;\" class=\"wpb_text_column has-custom-color wpex-child-inherit-color wpex-max-w-100 wpex-mx-auto wpb_content_element  vc_custom_1709744365898 orange-border-text\" >\n\t\t<div class=\"wpb_wrapper\">\n\t\t\t<p>&#8220;\u0130nsanlar\u0131n \u0130saya ehtiyac\u0131 var, lakin onlar yaln\u0131z etibarl\u0131 el\u00e7il\u0259r olduqda M\u00fcjd\u0259ni e\u015fid\u0259c\u0259kl\u0259r.&#8221; &#8211; Nik Hall<\/p>\n\n\t\t<\/div>\n\t<\/div>\n<\/div><\/div><\/div><\/div><div class=\"vc_row-full-width vc_clearfix\"><\/div>\n<\/div>","protected":false},"excerpt":{"rendered":"NICK HALL HAQQINDA Nick Hall Pulse Evangelism-in t\u0259sis\u00e7isi v\u0259 prezidenti, Reset kitab\u0131n\u0131n m\u00fc\u0259llifi v\u0259 g\u0259l\u0259c\u0259k n\u0259sl\u0259 bu g\u00fcn\u00fcn apar\u0131c\u0131 evangelist s\u0259sl\u0259rind\u0259n biridir. O, d\u00fcnyada 330 milyondan \u00e7ox insana M\u00fcjd\u0259ni t\u0259bli\u011f edib v\u0259 o bilir ki, Tanr\u0131 h\u0259l\u0259 bitm\u0259yib. \"M\u0259nim h\u0259yat\u0131m \u0130san\u0131 bir n\u0259slin \u00fcr\u0259yin\u0259 qoymaq \u00fc\u00e7\u00fcn var.\" - Nik Hall 2006-c\u0131 ild\u0259 kollec \u015f\u0259h\u0259rciyind\u0259 \u0130san\u0131n&hellip;","protected":false},"author":1,"featured_media":0,"parent":0,"menu_order":0,"comment_status":"closed","ping_status":"closed","template":"","meta":{"om_disable_all_campaigns":false,"_monsterinsights_skip_tracking":false,"_monsterinsights_sitenote_active":false,"_monsterinsights_sitenote_note":"","_monsterinsights_sitenote_category":0,"footnotes":""},"class_list":["post-2925","page","type-page","status-publish","hentry","entry","no-media"],"aioseo_notices":[],"_links":{"self":[{"href":"https:\/\/anthemofgrace.com\/es\/wp-json\/wp\/v2\/pages\/2925","targetHints":{"allow":["GET"]}}],"collection":[{"href":"https:\/\/anthemofgrace.com\/es\/wp-json\/wp\/v2\/pages"}],"about":[{"href":"https:\/\/anthemofgrace.com\/es\/wp-json\/wp\/v2\/types\/page"}],"author":[{"embeddable":true,"href":"https:\/\/anthemofgrace.com\/es\/wp-json\/wp\/v2\/users\/1"}],"replies":[{"embeddable":true,"href":"https:\/\/anthemofgrace.com\/es\/wp-json\/wp\/v2\/comments?post=2925"}],"version-history":[{"count":0,"href":"https:\/\/anthemofgrace.com\/es\/wp-json\/wp\/v2\/pages\/2925\/revisions"}],"wp:attachment":[{"href":"https:\/\/anthemofgrace.com\/es\/wp-json\/wp\/v2\/media?parent=2925"}],"curies":[{"name":"wp","href":"https:\/\/api.w.org\/{rel}","templated":true}]}}