{"id":2891,"date":"2024-03-05T17:55:52","date_gmt":"2024-03-05T17:55:52","guid":{"rendered":"https:\/\/anthemofgrace.com\/o-nick-hallu\/"},"modified":"2024-04-02T11:41:22","modified_gmt":"2024-04-02T11:41:22","slug":"o-nick-hallu","status":"publish","type":"page","link":"https:\/\/anthemofgrace.com\/es\/o-nick-hallu\/?lang=hr","title":{"rendered":"O NICK Hallu"},"content":{"rendered":"<div class=\"wpb-content-wrapper\"><div class=\"vc_row wpb_row vc_row-fluid wpb_animate_when_almost_visible wpb_fadeIn fadeIn vc_custom_1709820772512\"><div class=\"wpb_column vc_column_container vc_col-sm-7\"><div class=\"vc_column-inner\"><div class=\"wpb_wrapper\"><h1 class=\"vcex-heading vcex-heading-plain vcex-module wpex-heading wpex-text-2xl\"><span class=\"vcex-heading-inner wpex-inline-block\">O NICK HALLU<\/span><\/h1>\n\t<div class=\"wpb_text_column wpb_content_element\" >\n\t\t<div class=\"wpb_wrapper\">\n\t\t\t<p>Nick Hall je osniva\u010d i predsjednik Pulse Evangelisma, autor knjige Reset i jedan od dana\u0161njih vode\u0107ih evangelizacijskih glasova sljede\u0107oj generaciji. Propovijedao je evan\u0111elje vi\u0161e od 330 milijuna ljudi diljem svijeta i zna da Bog jo\u0161 nije zavr\u0161io.<\/p>\n\n\t\t<\/div>\n\t<\/div>\n\n\t<div style=\"color:#ff8255;font-style:italic;\" class=\"wpb_text_column has-custom-color wpex-child-inherit-color wpb_content_element  vc_custom_1709744515558 intro-text\" >\n\t\t<div class=\"wpb_wrapper\">\n\t\t\t<p>\u201cMoj \u017eivot postoji da stavim Isusa na puls jedne generacije.\u201d \u2013 Nick Hall<\/p>\n\n\t\t<\/div>\n\t<\/div>\n\n\t<div class=\"wpb_text_column wpb_content_element\" >\n\t\t<div class=\"wpb_wrapper\">\n\t\t\t<p>Ono \u0161to je zapo\u010delo 2006. godine kao uvjerenje da se dijeli Isusova nada na njegovom sveu\u010dili\u0161nom kampusu preraslo je u globalni pokret za dosezanje izgubljenih i opremanje evan\u0111elista posve\u0107enih preobrazbi njihove generacije Evan\u0111eljem svim mogu\u0107im sredstvima.<\/p>\n<p>Nick tako\u0111er slu\u017ei u Izvr\u0161nom odboru Nacionalne udruge evangelika te kao predsjednik i izvr\u0161ni direktor The Table Coalition. \u017divi u Minneapolisu, MN sa suprugom Tiffany i troje djece.<\/p>\n\n\t\t<\/div>\n\t<\/div>\n<\/div><\/div><\/div><div class=\"wpb_column vc_column_container vc_col-sm-5\"><div class=\"vc_column-inner\"><div class=\"wpb_wrapper\"><style>.vcex-image.vcex_69d29829d5411 .vcex-image-inner{max-width:325px;}.vcex-image.vcex_69d29829d5411 .vcex-image-img{height:370px;}<\/style><figure class=\"vcex-image vcex-module textcenter nick-hall-image vcex_69d29829d5411\"><div class=\"vcex-image-inner wpex-relative wpex-inline-block vc_custom_1711114666517\"><img width=\"1400\" height=\"2142\" src=\"https:\/\/anthemofgrace.com\/wp-content\/uploads\/2024\/03\/NickHall_Photo-Color.png\" class=\"vcex-image-img wpex-align-middle wpex-object-contain\" alt=\"\" loading=\"lazy\" decoding=\"async\" srcset=\"https:\/\/anthemofgrace.com\/wp-content\/uploads\/2024\/03\/NickHall_Photo-Color.png 1400w, https:\/\/anthemofgrace.com\/wp-content\/uploads\/2024\/03\/NickHall_Photo-Color-196x300.png 196w, https:\/\/anthemofgrace.com\/wp-content\/uploads\/2024\/03\/NickHall_Photo-Color-669x1024.png 669w, https:\/\/anthemofgrace.com\/wp-content\/uploads\/2024\/03\/NickHall_Photo-Color-768x1175.png 768w, https:\/\/anthemofgrace.com\/wp-content\/uploads\/2024\/03\/NickHall_Photo-Color-1004x1536.png 1004w, https:\/\/anthemofgrace.com\/wp-content\/uploads\/2024\/03\/NickHall_Photo-Color-1339x2048.png 1339w\" sizes=\"auto, (max-width: 1400px) 100vw, 1400px\" \/><\/div><\/figure><h1 class=\"vcex-heading vcex-heading-plain vcex-module wpex-heading wpex-text-2xl wpex-text-center nick-hall-heading\"><span class=\"vcex-heading-inner wpex-inline-block\">NICK HALL<\/span><\/h1><\/div><\/div><\/div><\/div><div data-vc-full-width=\"true\" data-vc-full-width-init=\"false\" class=\"vc_row wpb_row vc_row-fluid wpb_animate_when_almost_visible wpb_fadeIn fadeIn vc_custom_1709755882506 vc_row-o-content-middle vc_row-flex wpex-vc_row-has-fill wpex-vc-row-stretched\"><div class=\"wpb_column vc_column_container vc_col-sm-12\"><div class=\"vc_column-inner vc_custom_1709744234856\"><div class=\"wpb_wrapper\">\n\t<div style=\"color:#ff8255;font-family:ZTBrosOskon90s;font-size:32px;font-weight:400;text-align:center;line-height:40px;width:90%;font-style:italic;\" class=\"wpb_text_column has-custom-color wpex-child-inherit-color wpex-max-w-100 wpex-mx-auto wpb_content_element  vc_custom_1709744365898 orange-border-text\" >\n\t\t<div class=\"wpb_wrapper\">\n\t\t\t<p>\u201cLjudi trebaju Isusa, ali \u0107e \u010duti evan\u0111elje samo ako postoje vjerovjesnici.\u201d \u2013 Nick Hall<\/p>\n\n\t\t<\/div>\n\t<\/div>\n<\/div><\/div><\/div><\/div><div class=\"vc_row-full-width vc_clearfix\"><\/div>\n<\/div>","protected":false},"excerpt":{"rendered":"O NICK HALLU Nick Hall je osniva\u010d i predsjednik Pulse Evangelisma, autor knjige Reset i jedan od dana\u0161njih vode\u0107ih evangelizacijskih glasova sljede\u0107oj generaciji. Propovijedao je evan\u0111elje vi\u0161e od 330 milijuna ljudi diljem svijeta i zna da Bog jo\u0161 nije zavr\u0161io. \u201cMoj \u017eivot postoji da stavim Isusa na puls jedne generacije.\u201d \u2013 Nick Hall Ono \u0161to&hellip;","protected":false},"author":1,"featured_media":0,"parent":0,"menu_order":0,"comment_status":"closed","ping_status":"closed","template":"","meta":{"om_disable_all_campaigns":false,"_monsterinsights_skip_tracking":false,"_monsterinsights_sitenote_active":false,"_monsterinsights_sitenote_note":"","_monsterinsights_sitenote_category":0,"footnotes":""},"class_list":["post-2891","page","type-page","status-publish","hentry","entry","no-media"],"aioseo_notices":[],"_links":{"self":[{"href":"https:\/\/anthemofgrace.com\/es\/wp-json\/wp\/v2\/pages\/2891","targetHints":{"allow":["GET"]}}],"collection":[{"href":"https:\/\/anthemofgrace.com\/es\/wp-json\/wp\/v2\/pages"}],"about":[{"href":"https:\/\/anthemofgrace.com\/es\/wp-json\/wp\/v2\/types\/page"}],"author":[{"embeddable":true,"href":"https:\/\/anthemofgrace.com\/es\/wp-json\/wp\/v2\/users\/1"}],"replies":[{"embeddable":true,"href":"https:\/\/anthemofgrace.com\/es\/wp-json\/wp\/v2\/comments?post=2891"}],"version-history":[{"count":0,"href":"https:\/\/anthemofgrace.com\/es\/wp-json\/wp\/v2\/pages\/2891\/revisions"}],"wp:attachment":[{"href":"https:\/\/anthemofgrace.com\/es\/wp-json\/wp\/v2\/media?parent=2891"}],"curies":[{"name":"wp","href":"https:\/\/api.w.org\/{rel}","templated":true}]}}