{"id":2832,"date":"2024-03-05T17:55:52","date_gmt":"2024-03-05T17:55:52","guid":{"rendered":"https:\/\/anthemofgrace.com\/apie-nick-hall\/"},"modified":"2024-04-02T11:41:23","modified_gmt":"2024-04-02T11:41:23","slug":"apie-nick-hall","status":"publish","type":"page","link":"https:\/\/anthemofgrace.com\/es\/apie-nick-hall\/?lang=lt","title":{"rendered":"Apie NICK Hall"},"content":{"rendered":"<div class=\"wpb-content-wrapper\"><div class=\"vc_row wpb_row vc_row-fluid wpb_animate_when_almost_visible wpb_fadeIn fadeIn vc_custom_1709820772512\"><div class=\"wpb_column vc_column_container vc_col-sm-7\"><div class=\"vc_column-inner\"><div class=\"wpb_wrapper\"><h1 class=\"vcex-heading vcex-heading-plain vcex-module wpex-heading wpex-text-2xl\"><span class=\"vcex-heading-inner wpex-inline-block\">APIE NICK HALL<\/span><\/h1>\n\t<div class=\"wpb_text_column wpb_content_element\" >\n\t\t<div class=\"wpb_wrapper\">\n\t\t\t<p>Nickas Hallas yra &#8220;Pulse Evangelism&#8221; \u012fk\u016br\u0117jas ir prezidentas, knygos &#8220;Reset&#8221; autorius ir vienas i\u0161 pagrindini\u0173 \u0161iuolaikini\u0173 evangelizuotoj\u0173 bals\u0173 naujajai kartai. Jis skelb\u0117 Evangelij\u0105 daugiau kaip 330 milijon\u0173 \u017emoni\u0173 visame pasaulyje ir \u017eino, kad Dievas dar nesibaig\u0117.<\/p>\n\n\t\t<\/div>\n\t<\/div>\n\n\t<div style=\"color:#ff8255;font-style:italic;\" class=\"wpb_text_column has-custom-color wpex-child-inherit-color wpb_content_element  vc_custom_1709744515558 intro-text\" >\n\t\t<div class=\"wpb_wrapper\">\n\t\t\t<p>&#8220;Mano gyvenimas skirtas tam, kad J\u0117zus tapt\u0173 kartos pulsu.&#8221; -Nickas Hallas<\/p>\n\n\t\t<\/div>\n\t<\/div>\n\n\t<div class=\"wpb_text_column wpb_content_element\" >\n\t\t<div class=\"wpb_wrapper\">\n\t\t\t<p>Tai, kas prasid\u0117jo 2006 m. kaip \u012fsitikinimas dalytis J\u0117zaus viltimi savo koled\u017eo miestelyje, i\u0161augo \u012f pasaulin\u012f jud\u0117jim\u0105, kurio tikslas &#8211; pasiekti pra\u017euvusius ir parengti evangelizuotojus, pasiry\u017eusius visomis priemon\u0117mis pakeisti savo kart\u0105 Evangelija.<\/p>\n<p>Nickas taip pat yra Nacionalin\u0117s evangelik\u0173 asociacijos vykdomojo komiteto narys ir &#8220;The Table Coalition&#8221; prezidentas ir generalinis direktorius. Jis gyvena Mineapolyje, MN, su \u017emona Tiffany ir trimis vaikais.<\/p>\n\n\t\t<\/div>\n\t<\/div>\n<\/div><\/div><\/div><div class=\"wpb_column vc_column_container vc_col-sm-5\"><div class=\"vc_column-inner\"><div class=\"wpb_wrapper\"><style>.vcex-image.vcex_69d777693be0f .vcex-image-inner{max-width:325px;}.vcex-image.vcex_69d777693be0f .vcex-image-img{height:370px;}<\/style><figure class=\"vcex-image vcex-module textcenter nick-hall-image vcex_69d777693be0f\"><div class=\"vcex-image-inner wpex-relative wpex-inline-block vc_custom_1711114666517\"><img width=\"1400\" height=\"2142\" src=\"https:\/\/anthemofgrace.com\/wp-content\/uploads\/2024\/03\/NickHall_Photo-Color.png\" class=\"vcex-image-img wpex-align-middle wpex-object-contain\" alt=\"\" loading=\"lazy\" decoding=\"async\" srcset=\"https:\/\/anthemofgrace.com\/wp-content\/uploads\/2024\/03\/NickHall_Photo-Color.png 1400w, https:\/\/anthemofgrace.com\/wp-content\/uploads\/2024\/03\/NickHall_Photo-Color-196x300.png 196w, https:\/\/anthemofgrace.com\/wp-content\/uploads\/2024\/03\/NickHall_Photo-Color-669x1024.png 669w, https:\/\/anthemofgrace.com\/wp-content\/uploads\/2024\/03\/NickHall_Photo-Color-768x1175.png 768w, https:\/\/anthemofgrace.com\/wp-content\/uploads\/2024\/03\/NickHall_Photo-Color-1004x1536.png 1004w, https:\/\/anthemofgrace.com\/wp-content\/uploads\/2024\/03\/NickHall_Photo-Color-1339x2048.png 1339w\" sizes=\"auto, (max-width: 1400px) 100vw, 1400px\" \/><\/div><\/figure><h1 class=\"vcex-heading vcex-heading-plain vcex-module wpex-heading wpex-text-2xl wpex-text-center nick-hall-heading\"><span class=\"vcex-heading-inner wpex-inline-block\">NICK HALL<\/span><\/h1><\/div><\/div><\/div><\/div><div data-vc-full-width=\"true\" data-vc-full-width-init=\"false\" class=\"vc_row wpb_row vc_row-fluid wpb_animate_when_almost_visible wpb_fadeIn fadeIn vc_custom_1709755882506 vc_row-o-content-middle vc_row-flex wpex-vc_row-has-fill wpex-vc-row-stretched\"><div class=\"wpb_column vc_column_container vc_col-sm-12\"><div class=\"vc_column-inner vc_custom_1709744234856\"><div class=\"wpb_wrapper\">\n\t<div style=\"color:#ff8255;font-family:ZTBrosOskon90s;font-size:32px;font-weight:400;text-align:center;line-height:40px;width:90%;font-style:italic;\" class=\"wpb_text_column has-custom-color wpex-child-inherit-color wpex-max-w-100 wpex-mx-auto wpb_content_element  vc_custom_1709744365898 orange-border-text\" >\n\t\t<div class=\"wpb_wrapper\">\n\t\t\t<p>&#8220;\u017dmon\u0117ms reikia J\u0117zaus, bet jie i\u0161girs Evangelij\u0105 tik tada, jei bus patikim\u0173 pasiuntini\u0173.&#8221; &#8211; Nikas Holas<\/p>\n\n\t\t<\/div>\n\t<\/div>\n<\/div><\/div><\/div><\/div><div class=\"vc_row-full-width vc_clearfix\"><\/div>\n<\/div>","protected":false},"excerpt":{"rendered":"APIE NICK HALL Nickas Hallas yra \"Pulse Evangelism\" \u012fk\u016br\u0117jas ir prezidentas, knygos \"Reset\" autorius ir vienas i\u0161 pagrindini\u0173 \u0161iuolaikini\u0173 evangelizuotoj\u0173 bals\u0173 naujajai kartai. Jis skelb\u0117 Evangelij\u0105 daugiau kaip 330 milijon\u0173 \u017emoni\u0173 visame pasaulyje ir \u017eino, kad Dievas dar nesibaig\u0117. \"Mano gyvenimas skirtas tam, kad J\u0117zus tapt\u0173 kartos pulsu.\" -Nickas Hallas Tai, kas prasid\u0117jo 2006 m.&hellip;","protected":false},"author":1,"featured_media":0,"parent":0,"menu_order":0,"comment_status":"closed","ping_status":"closed","template":"","meta":{"om_disable_all_campaigns":false,"_monsterinsights_skip_tracking":false,"_monsterinsights_sitenote_active":false,"_monsterinsights_sitenote_note":"","_monsterinsights_sitenote_category":0,"footnotes":""},"class_list":["post-2832","page","type-page","status-publish","hentry","entry","no-media"],"aioseo_notices":[],"_links":{"self":[{"href":"https:\/\/anthemofgrace.com\/es\/wp-json\/wp\/v2\/pages\/2832","targetHints":{"allow":["GET"]}}],"collection":[{"href":"https:\/\/anthemofgrace.com\/es\/wp-json\/wp\/v2\/pages"}],"about":[{"href":"https:\/\/anthemofgrace.com\/es\/wp-json\/wp\/v2\/types\/page"}],"author":[{"embeddable":true,"href":"https:\/\/anthemofgrace.com\/es\/wp-json\/wp\/v2\/users\/1"}],"replies":[{"embeddable":true,"href":"https:\/\/anthemofgrace.com\/es\/wp-json\/wp\/v2\/comments?post=2832"}],"version-history":[{"count":0,"href":"https:\/\/anthemofgrace.com\/es\/wp-json\/wp\/v2\/pages\/2832\/revisions"}],"wp:attachment":[{"href":"https:\/\/anthemofgrace.com\/es\/wp-json\/wp\/v2\/media?parent=2832"}],"curies":[{"name":"wp","href":"https:\/\/api.w.org\/{rel}","templated":true}]}}