{"id":2760,"date":"2024-03-14T20:04:57","date_gmt":"2024-03-14T20:04:57","guid":{"rendered":"https:\/\/anthemofgrace.com\/kovetkezo-lepes\/"},"modified":"2024-04-02T11:39:04","modified_gmt":"2024-04-02T11:39:04","slug":"kovetkezo-lepes","status":"publish","type":"page","link":"https:\/\/anthemofgrace.com\/es\/kovetkezo-lepes\/?lang=hu","title":{"rendered":"K\u00f6vetkez\u0151 l\u00e9p\u00e9s"},"content":{"rendered":"","protected":false},"excerpt":{"rendered":"","protected":false},"author":1,"featured_media":0,"parent":0,"menu_order":0,"comment_status":"closed","ping_status":"closed","template":"","meta":{"om_disable_all_campaigns":false,"_monsterinsights_skip_tracking":false,"_monsterinsights_sitenote_active":false,"_monsterinsights_sitenote_note":"","_monsterinsights_sitenote_category":0,"footnotes":""},"class_list":["post-2760","page","type-page","status-publish","hentry","entry","no-media"],"aioseo_notices":[],"_links":{"self":[{"href":"https:\/\/anthemofgrace.com\/es\/wp-json\/wp\/v2\/pages\/2760","targetHints":{"allow":["GET"]}}],"collection":[{"href":"https:\/\/anthemofgrace.com\/es\/wp-json\/wp\/v2\/pages"}],"about":[{"href":"https:\/\/anthemofgrace.com\/es\/wp-json\/wp\/v2\/types\/page"}],"author":[{"embeddable":true,"href":"https:\/\/anthemofgrace.com\/es\/wp-json\/wp\/v2\/users\/1"}],"replies":[{"embeddable":true,"href":"https:\/\/anthemofgrace.com\/es\/wp-json\/wp\/v2\/comments?post=2760"}],"version-history":[{"count":0,"href":"https:\/\/anthemofgrace.com\/es\/wp-json\/wp\/v2\/pages\/2760\/revisions"}],"wp:attachment":[{"href":"https:\/\/anthemofgrace.com\/es\/wp-json\/wp\/v2\/media?parent=2760"}],"curies":[{"name":"wp","href":"https:\/\/api.w.org\/{rel}","templated":true}]}}