{"id":26,"date":"2024-03-05T17:55:52","date_gmt":"2024-03-05T17:55:52","guid":{"rendered":"http:\/\/anthemofgrace.com\/?page_id=26"},"modified":"2024-03-22T13:41:37","modified_gmt":"2024-03-22T13:41:37","slug":"about-nick-hall","status":"publish","type":"page","link":"https:\/\/anthemofgrace.com\/es\/about-nick-hall\/","title":{"rendered":"About NICK Hall"},"content":{"rendered":"<div class=\"wpb-content-wrapper\"><div class=\"vc_row wpb_row vc_row-fluid wpb_animate_when_almost_visible wpb_fadeIn fadeIn vc_custom_1709820772512\"><div class=\"wpb_column vc_column_container vc_col-sm-7\"><div class=\"vc_column-inner\"><div class=\"wpb_wrapper\"><h1 class=\"vcex-heading vcex-heading-plain vcex-module wpex-heading wpex-text-2xl\"><span class=\"vcex-heading-inner wpex-inline-block\">ACERCA DE NICK HALL<\/span><\/h1>\n\t<div class=\"wpb_text_column wpb_content_element\" >\n\t\t<div class=\"wpb_wrapper\">\n\t\t\t<p>Nick Hall es el Fundador y Presidente de Pulse Evangelism, autor del libro Reset, y una de las voces evangelistas m\u00e1s importantes de la actualidad para la pr\u00f3xima generaci\u00f3n. Ha predicado el Evangelio a m\u00e1s de 330 millones de personas en todo el mundo y sabe que Dios a\u00fan no ha terminado.<\/p>\n\n\t\t<\/div>\n\t<\/div>\n\n\t<div style=\"color:#ff8255;font-style:italic;\" class=\"wpb_text_column has-custom-color wpex-child-inherit-color wpb_content_element  vc_custom_1709744515558 intro-text\" >\n\t\t<div class=\"wpb_wrapper\">\n\t\t\t<p>\u201cMi vida existe para poner a Jes\u00fas en el centro de una generaci\u00f3n\u201d. \u2013 Nick Hall<\/p>\n\n\t\t<\/div>\n\t<\/div>\n\n\t<div class=\"wpb_text_column wpb_content_element\" >\n\t\t<div class=\"wpb_wrapper\">\n\t\t\t<p>Lo que comenz\u00f3 en 2006 como una convicci\u00f3n de compartir la esperanza de Jes\u00fas en su campus universitario ha crecido hasta convertirse en un movimiento global para alcanzar a los perdidos y equipar al evangelista comprometido a transformar su generaci\u00f3n con el Evangelio por todos los medios necesarios.<\/p>\n<p>Nick tambi\u00e9n forma parte del Comit\u00e9 Ejecutivo de la Asociaci\u00f3n Nacional de Evang\u00e9licos y es Presidente y CEO de The Table Coalition. Vive en Minneapolis, MN con su esposa Tiffany y sus tres hijos.<\/p>\n\n\t\t<\/div>\n\t<\/div>\n<\/div><\/div><\/div><div class=\"wpb_column vc_column_container vc_col-sm-5\"><div class=\"vc_column-inner\"><div class=\"wpb_wrapper\"><style>.vcex-image.vcex_69d4ef1f2d7dd .vcex-image-inner{max-width:325px;}.vcex-image.vcex_69d4ef1f2d7dd .vcex-image-img{height:370px;}<\/style><figure class=\"vcex-image vcex-module textcenter nick-hall-image vcex_69d4ef1f2d7dd\"><div class=\"vcex-image-inner wpex-relative wpex-inline-block vc_custom_1711114666517\"><img width=\"1400\" height=\"2142\" src=\"https:\/\/anthemofgrace.com\/wp-content\/uploads\/2024\/03\/NickHall_Photo-Color.png\" class=\"vcex-image-img wpex-align-middle wpex-object-contain\" alt=\"\" loading=\"lazy\" decoding=\"async\" srcset=\"https:\/\/anthemofgrace.com\/wp-content\/uploads\/2024\/03\/NickHall_Photo-Color.png 1400w, https:\/\/anthemofgrace.com\/wp-content\/uploads\/2024\/03\/NickHall_Photo-Color-196x300.png 196w, https:\/\/anthemofgrace.com\/wp-content\/uploads\/2024\/03\/NickHall_Photo-Color-669x1024.png 669w, https:\/\/anthemofgrace.com\/wp-content\/uploads\/2024\/03\/NickHall_Photo-Color-768x1175.png 768w, https:\/\/anthemofgrace.com\/wp-content\/uploads\/2024\/03\/NickHall_Photo-Color-1004x1536.png 1004w, https:\/\/anthemofgrace.com\/wp-content\/uploads\/2024\/03\/NickHall_Photo-Color-1339x2048.png 1339w\" sizes=\"auto, (max-width: 1400px) 100vw, 1400px\" \/><\/div><\/figure><h1 class=\"vcex-heading vcex-heading-plain vcex-module wpex-heading wpex-text-2xl wpex-text-center nick-hall-heading\"><span class=\"vcex-heading-inner wpex-inline-block\">NICK HALL<\/span><\/h1><\/div><\/div><\/div><\/div><div data-vc-full-width=\"true\" data-vc-full-width-init=\"false\" class=\"vc_row wpb_row vc_row-fluid wpb_animate_when_almost_visible wpb_fadeIn fadeIn vc_custom_1709755882506 vc_row-o-content-middle vc_row-flex wpex-vc_row-has-fill wpex-vc-row-stretched\"><div class=\"wpb_column vc_column_container vc_col-sm-12\"><div class=\"vc_column-inner vc_custom_1709744234856\"><div class=\"wpb_wrapper\">\n\t<div style=\"color:#ff8255;font-family:ZTBrosOskon90s;font-size:32px;font-weight:400;text-align:center;line-height:40px;width:90%;font-style:italic;\" class=\"wpb_text_column has-custom-color wpex-child-inherit-color wpex-max-w-100 wpex-mx-auto wpb_content_element  vc_custom_1709744365898 orange-border-text\" >\n\t\t<div class=\"wpb_wrapper\">\n\t\t\t<p>\u201cLa gente necesita a Jes\u00fas, pero solo escuchar\u00e1n el Evangelio si hay mensajeros de confianza\u201d. \u2013 Nick Hall<\/p>\n\n\t\t<\/div>\n\t<\/div>\n<\/div><\/div><\/div><\/div><div class=\"vc_row-full-width vc_clearfix\"><\/div>\n<\/div>","protected":false},"excerpt":{"rendered":"ABOUT NICK HALL Nick Hall is the Founder &amp; President of Pulse Evangelism, author of the book Reset, and one of today\u2019s leading evangelistic voices to the next generation. He\u2019s preached the Gospel to over 330 million people worldwide and he knows that God is not done yet. \u201cMy life exists to put Jesus at&hellip;","protected":false},"author":1,"featured_media":0,"parent":0,"menu_order":0,"comment_status":"closed","ping_status":"closed","template":"","meta":{"om_disable_all_campaigns":false,"_monsterinsights_skip_tracking":false,"_monsterinsights_sitenote_active":false,"_monsterinsights_sitenote_note":"","_monsterinsights_sitenote_category":0,"footnotes":""},"class_list":["post-26","page","type-page","status-publish","hentry","entry","no-media"],"aioseo_notices":[],"_links":{"self":[{"href":"https:\/\/anthemofgrace.com\/es\/wp-json\/wp\/v2\/pages\/26","targetHints":{"allow":["GET"]}}],"collection":[{"href":"https:\/\/anthemofgrace.com\/es\/wp-json\/wp\/v2\/pages"}],"about":[{"href":"https:\/\/anthemofgrace.com\/es\/wp-json\/wp\/v2\/types\/page"}],"author":[{"embeddable":true,"href":"https:\/\/anthemofgrace.com\/es\/wp-json\/wp\/v2\/users\/1"}],"replies":[{"embeddable":true,"href":"https:\/\/anthemofgrace.com\/es\/wp-json\/wp\/v2\/comments?post=26"}],"version-history":[{"count":0,"href":"https:\/\/anthemofgrace.com\/es\/wp-json\/wp\/v2\/pages\/26\/revisions"}],"wp:attachment":[{"href":"https:\/\/anthemofgrace.com\/es\/wp-json\/wp\/v2\/media?parent=26"}],"curies":[{"name":"wp","href":"https:\/\/api.w.org\/{rel}","templated":true}]}}