{"id":2577,"date":"2024-03-14T20:04:57","date_gmt":"2024-03-14T20:04:57","guid":{"rendered":"https:\/\/anthemofgrace.com\/dalsi-krok\/"},"modified":"2024-04-02T11:37:32","modified_gmt":"2024-04-02T11:37:32","slug":"dalsi-krok","status":"publish","type":"page","link":"https:\/\/anthemofgrace.com\/es\/dalsi-krok\/?lang=cs","title":{"rendered":"Dal\u0161\u00ed krok"},"content":{"rendered":"<div class=\"wpb-content-wrapper\"><div class=\"vc_row wpb_row vc_row-fluid wpb_animate_when_almost_visible wpb_fadeIn fadeIn vc_custom_1710446816867 vc_row-o-equal-height vc_row-flex wpex-cols-right\"><div class=\"wpb_column column-custom-width vc_column_container vc_col-sm-6\"><div class=\"vc_column-inner\"><div class=\"wpb_wrapper\"><h2 class=\"vcex-heading vcex-heading-plain vcex-module wpex-heading wpex-text-2xl\"><span class=\"vcex-heading-inner wpex-inline-block\">Odpov\u011bd\u011bt<\/span><\/h2>\n\t<div class=\"wpb_text_column wpb_content_element \" >\n\t\t<div class=\"wpb_wrapper\">\n\t\t\t<p>Pokud jste d\u00edky tomuto velkop\u00e1te\u010dn\u00edmu vys\u00edl\u00e1n\u00ed Hymnu milosti uv\u011b\u0159ili v Je\u017e\u00ed\u0161e Krista, dejte n\u00e1m o tom v\u011bd\u011bt.<br \/>\nM\u00e1me v\u00e1s r\u00e1di a chceme v\u00e1s p\u0159ijmout do Bo\u017e\u00ed rodiny! <\/p>\n<p>Jako ka\u017ed\u00e1 rodina nen\u00ed dokonal\u00e1, ale je zakotvena v milosti a l\u00e1sce, kterou n\u00e1m v\u0161em B\u016fh prok\u00e1zal.<br \/>\nProto se k n\u011bmu obra\u0165te.<br \/>\nPod\u011blte se o sv\u016fj p\u0159\u00edb\u011bh.<br \/>\nA dovolte n\u00e1m, abychom v\u00e1m pomohli pos\u00edlit v\u00e1\u0161 vztah s Je\u017e\u00ed\u0161em.   <\/p>\n<p>&nbsp;<\/p>\n\n\t\t<\/div>\n\t<\/div>\n<a href=\"https:\/\/anthemofgrace.com\/es\/chat\/\" class=\"vcex-button theme-button inline\"><span class=\"vcex-button-inner theme-button-inner\">Chatujte s n\u00e1mi<\/span><\/a> <\/div><\/div><\/div><div class=\"wpb_column vc_column_container vc_col-sm-6 wpex-vc_col-has-fill\"><div class=\"vc_column-inner vc_custom_1710426481503\"><div class=\"wpb_wrapper\"><div class=\"vc_row wpb_row vc_inner vc_row-fluid vc_row-o-equal-height vc_row-o-content-middle vc_row-flex no-bottom-margins\"><div class=\"wpb_column vc_column_container vc_col-sm-12\"><div class=\"vc_column-inner\"><div class=\"wpb_wrapper\">\n\t<div class=\"wpb_raw_code wpb_content_element wpb_raw_html\" >\n\t\t<div class=\"wpb_wrapper\">\n\t\t\t<div>\n\n\n\n    <title>DOBR\u00dd P\u00c1TEK<\/title>\n\n        <meta name=\"viewport\" content=\"width=device-width, initial-scale=1.0\">\n\n    \n        <meta http-equiv=\"Content-Type\" content=\"text\/html; charset=utf-8\">\n    <meta name=\"referrer\" content=\"no-referrer-when-downgrade\">\n    <!-- THIS SCRIPT NEEDS TO BE LOADED FIRST BEFORE wforms.js -->\n    <script type=\"text\/javascript\" data-for=\"FA__DOMContentLoadedEventDispatch\" src=\"https:\/\/www.tfaforms.com\/js\/FA__DOMContentLoadedEventDispatcher.js\" defer><\/script>\n            <script type=\"text\/javascript\">\n        document.addEventListener(\"FA__DOMContentLoaded\", function(){\n            const FORM_TIME_START = Math.floor((new Date).getTime()\/1000);\n            let formElement = document.getElementById(\"tfa_0\");\n            if (null === formElement) {\n                formElement = document.getElementById(\"0\");\n            }\n            let appendJsTimerElement = function(){\n                let formTimeDiff = Math.floor((new Date).getTime()\/1000) - FORM_TIME_START;\n                let cumulatedTimeElement = document.getElementById(\"tfa_dbCumulatedTime\");\n                if (null !== cumulatedTimeElement) {\n                    let cumulatedTime = parseInt(cumulatedTimeElement.value);\n                    if (null !== cumulatedTime && cumulatedTime > 0) {\n                        formTimeDiff += cumulatedTime;\n                    }\n                }\n                let jsTimeInput = document.createElement(\"input\");\n                jsTimeInput.setAttribute(\"type\", \"hidden\");\n                jsTimeInput.setAttribute(\"value\", formTimeDiff.toString());\n                jsTimeInput.setAttribute(\"name\", \"tfa_dbElapsedJsTime\");\n                jsTimeInput.setAttribute(\"id\", \"tfa_dbElapsedJsTime\");\n                jsTimeInput.setAttribute(\"autocomplete\", \"off\");\n                if (null !== formElement) {\n                    formElement.appendChild(jsTimeInput);\n                }\n            };\n            if (null !== formElement) {\n                if(formElement.addEventListener){\n                    formElement.addEventListener('submit', appendJsTimerElement, false);\n                } else if(formElement.attachEvent){\n                    formElement.attachEvent('onsubmit', appendJsTimerElement);\n                }\n            }\n        });\n    <\/script>\n\n    <link href=\"https:\/\/www.tfaforms.com\/dist\/form-builder\/5.0.0\/wforms-layout.css?v=1711687240\" rel=\"stylesheet\" type=\"text\/css\">\n\n    <link href=\"https:\/\/www.tfaforms.com\/uploads\/themes\/theme-55746.css\" rel=\"stylesheet\" type=\"text\/css\">\n    <link href=\"https:\/\/www.tfaforms.com\/dist\/form-builder\/5.0.0\/wforms-jsonly.css?v=1711687240\" rel=\"alternate stylesheet\" title=\"Tento soubor styl\u016f se aktivuje pomoc\u00ed javascriptu\" type=\"text\/css\">\n    <script type=\"text\/javascript\" src=\"https:\/\/www.tfaforms.com\/wForms\/3.11\/js\/wforms.js?v=1711687240\"><\/script>\n    <script type=\"text\/javascript\">\n        wFORMS.behaviors.prefill.skip = false;\n    <\/script>\n        <script type=\"text\/javascript\" src=\"https:\/\/www.tfaforms.com\/wForms\/3.11\/js\/localization-en_US.js?v=1711687240\"><\/script>\n\n            \n    \n    \n<script>(function(w,d,s,l,i){w[l]=w[l]||[];w[l].push({'gtm.start':\nnew Date().getTime(),event:'gtm.js'});var f=d.getElementsByTagName(s)[0],\nj=d.createElement(s),dl=l!='dataLayer'?'&l='+l:'';j.async=true;j.src=\n'https:\/\/www.googletagmanager.com\/gtm.js?id='+i+dl;f.parentNode.insertBefore(j,f);\n})(window,document,'script','dataLayer','GTM-K654D6D');<\/script>\n\n\n\n    <noscript><iframe src=\"https:\/\/www.googletagmanager.com\/ns.html?id=GTM-K654D6D\" height=\"0\" width=\"0\" style=\"display:none;visibility:hidden\"><\/iframe><\/noscript>\n\n\n    <div id=\"tfaContent\">\n        <div class=\"wFormContainer\">\n    <div class=\"wFormHeader\"><\/div>\n    <style type=\"text\/css\"><\/style><div class=\"\"><div class=\"wForm\" id=\"5116871-WRPR\" data-language=\"en_US\" dir=\"ltr\">\n<div class=\"codesection\" id=\"code-5116871\"><style>\n.wForm {\npadding: 0px 40px!important;\nborder-radius: 20px!important;\nbackground-image: none!important;\nbackground-color: transparent!important;\n}\n.wFormContainer {\nmargin-top: 0px;\nmargin-bottom: 0px;\n}\n.wForm .oneField {\nborder: 0px;\npadding: 0px;\nmargin-top: 0px!important;\nmargin-bottom: 15px;\n}\n.wForm .label {\ncolor: #ffffff !important;\nfont-family: \"ZTBrosOskon90s\";\nfont-size: 22px !important;\nmargin-bottom: 5px;\n}\n.wForm .inputWrapper {\nwidth: 100%!important;\n}\n.wForm .inputWrapper input,\n.wForm .inputWrapper select {\nwidth: 100%!important;\nborder-radius: 5px!important;\nborder: solid 0.5px #aaa!important;\nfont-size: 18px!important;\nline-height: 1.28;\ncolor: #333333!important;\npadding: 8px 10px!important;\nheight: 40px!important;\nbox-shadow: inset 0px 0px 4px 1px rgba(0, 0, 0, 0.2);\n}\n.wForm .inputWrapper input[type=\"checkbox\"],\n.wForm .inputWrapper input[type=\"radio\"] {\nwidth: auto!important;\nheight: auto!important;\n}\n.wForm .primaryAction {\nmargin-top: 0px!important;\nborder-radius: 5px!important;\nfont-size: 18px!important;\npadding: 10px 14px!important;\ntext-transform: uppercase;\nfont-weight: 400!important;\n}\n.wFormFooter {\ndisplay: none;\n}\n.wFormContainer .wForm .primaryAction {\nbackground-color: #ff8255 !important;\ncolor: #000000 !important;\nborder: 1.5px solid #ffffff !important;\nfont-size: 16px !important;\nfont-family: 'Roboto Mono' !important;\ntext-transform: uppercase !important;\nborder-radius: 35px !important;\npadding: 12px 18px !important;\n}\n.wFormContainer .wForm .primaryAction:hover {\nbackground-color: transparent !important;\ncolor: #ffffff !important;\n}\n.wFormContainer .wForm .wFormTitle {\nmargin-top: 0;\nfont-size: 48px;\ncolor: #ffffff;\nfont-style: normal;\nmargin-bottom: 25px;\n}\n<\/style><\/div>\n<h3 class=\"wFormTitle\" data-testid=\"form-title\" id=\"5116871-T\">DOBR\u00dd P\u00c1TEK<\/h3>\n<form method=\"post\" action=\"https:\/\/www.tfaforms.com\/api_v2\/workflow\/processor\" class=\"hintsBelow labelsAbove\" id=\"5116871\" role=\"form\">\n<div class=\"oneField field-container-D \" id=\"tfa_62-D\">\n<label id=\"tfa_62-L\" class=\"label preField reqMark\" for=\"tfa_62\">Jazyk<\/label><br><div class=\"inputWrapper\"><select aria-required=\"true\" id=\"tfa_62\" name=\"tfa_62\" title=\"Jazyk\" class=\"required\"><option value=\"\">Vyberte pros\u00edm...<\/option>\n<option value=\"tfa_63\" id=\"tfa_63\" data-conditionals=\"#tfa_634\" class=\"\">Angli\u010dtina<\/option>\n<option value=\"tfa_97\" id=\"tfa_97\" data-conditionals=\"#tfa_634\" class=\"\">\u0160pan\u011bl\u0161tina<\/option>\n<option value=\"tfa_148\" id=\"tfa_148\" data-conditionals=\"#tfa_634\" class=\"\">Assamese<\/option>\n<option value=\"tfa_149\" id=\"tfa_149\" data-conditionals=\"#tfa_634\" class=\"\">Beng\u00e1l\u0161tina<\/option>\n<option value=\"tfa_150\" id=\"tfa_150\" data-conditionals=\"#tfa_634\" class=\"\">Gud\u017ear\u00e1t\u0161tina<\/option>\n<option value=\"tfa_151\" id=\"tfa_151\" data-conditionals=\"#tfa_634\" class=\"\">Hind\u0161tina<\/option>\n<option value=\"tfa_152\" id=\"tfa_152\" data-conditionals=\"#tfa_634\" class=\"\">Kannada<\/option>\n<option value=\"tfa_153\" id=\"tfa_153\" data-conditionals=\"#tfa_634\" class=\"\">Malayalam<\/option>\n<option value=\"tfa_154\" id=\"tfa_154\" data-conditionals=\"#tfa_634\" class=\"\">Mar\u00e1th\u0161tina<\/option>\n<option value=\"tfa_155\" id=\"tfa_155\" data-conditionals=\"#tfa_634\" class=\"\">Odia<\/option>\n<option value=\"tfa_156\" id=\"tfa_156\" data-conditionals=\"#tfa_634\" class=\"\">Pa\u0148d\u017e\u00e1b\u0161tina<\/option>\n<option value=\"tfa_157\" id=\"tfa_157\" data-conditionals=\"#tfa_634\" class=\"\">Tamil<\/option>\n<option value=\"tfa_158\" id=\"tfa_158\" data-conditionals=\"#tfa_634\" class=\"\">Telugu<\/option>\n<option value=\"tfa_727\" id=\"tfa_727\" data-conditionals=\"#tfa_634\" class=\"\">Francouz\u0161tina<\/option>\n<option value=\"tfa_728\" id=\"tfa_728\" data-conditionals=\"#tfa_634\" class=\"\">Vietnamci<\/option>\n<option value=\"tfa_729\" id=\"tfa_729\" data-conditionals=\"#tfa_634\" class=\"\">Rusk\u00fd<\/option>\n<option value=\"tfa_730\" id=\"tfa_730\" data-conditionals=\"#tfa_634\" class=\"\">Amhar\u0161tina<\/option>\n<option value=\"tfa_731\" id=\"tfa_731\" data-conditionals=\"#tfa_634\" class=\"\">Hausa<\/option>\n<option value=\"tfa_732\" id=\"tfa_732\" data-conditionals=\"#tfa_634\" class=\"\">Kiswahili<\/option>\n<option value=\"tfa_733\" id=\"tfa_733\" data-conditionals=\"#tfa_634\" class=\"\">Thai<\/option>\n<option value=\"tfa_734\" id=\"tfa_734\" data-conditionals=\"#tfa_634\" class=\"\">Laos<\/option>\n<option value=\"tfa_735\" id=\"tfa_735\" data-conditionals=\"#tfa_634\" class=\"\">Barmsk\u00fd<\/option>\n<option value=\"tfa_736\" id=\"tfa_736\" data-conditionals=\"#tfa_634\" class=\"\">Nep\u00e1lsk\u00e9<\/option>\n<option value=\"tfa_737\" id=\"tfa_737\" data-conditionals=\"#tfa_634\" class=\"\">Bh\u00f3d\u017ep\u00far\u00ed<\/option>\n<option value=\"tfa_738\" id=\"tfa_738\" data-conditionals=\"#tfa_634\" class=\"\">Urdu<\/option>\n<option value=\"tfa_739\" id=\"tfa_739\" data-conditionals=\"#tfa_634\" class=\"\">Sinh\u00e1l\u0161tina<\/option>\n<option value=\"tfa_740\" id=\"tfa_740\" data-conditionals=\"#tfa_634\" class=\"\">Bahasa<\/option>\n<option value=\"tfa_741\" id=\"tfa_741\" data-conditionals=\"#tfa_634\" class=\"\">Korejsk\u00fd<\/option>\n<option value=\"tfa_742\" id=\"tfa_742\" data-conditionals=\"#tfa_634\" class=\"\">Portugal\u0161tina<\/option>\n<option value=\"tfa_743\" id=\"tfa_743\" data-conditionals=\"#tfa_634\" class=\"\">Khmer<\/option>\n<option value=\"tfa_3646\" id=\"tfa_3646\" data-conditionals=\"#tfa_634\" class=\"\">Alb\u00e1n\u0161tina<\/option>\n<option value=\"tfa_3647\" id=\"tfa_3647\" data-conditionals=\"#tfa_634\" class=\"\">Arab\u0161tina<\/option>\n<option value=\"tfa_3648\" id=\"tfa_3648\" data-conditionals=\"#tfa_634\" class=\"\">Arm\u00e9n\u0161tina<\/option>\n<option value=\"tfa_3649\" id=\"tfa_3649\" data-conditionals=\"#tfa_634\" class=\"\">\u00c1zerb\u00e1jd\u017e\u00e1n<\/option>\n<option value=\"tfa_3650\" id=\"tfa_3650\" data-conditionals=\"#tfa_634\" class=\"\">Bulharsk\u00fd<\/option>\n<option value=\"tfa_3651\" id=\"tfa_3651\" data-conditionals=\"#tfa_634\" class=\"\">Katal\u00e1n\u0161tina<\/option>\n<option value=\"tfa_3652\" id=\"tfa_3652\" data-conditionals=\"#tfa_634\" class=\"\">\u010c\u00ednsk\u00fd<\/option>\n<option value=\"tfa_3653\" id=\"tfa_3653\" data-conditionals=\"#tfa_634\" class=\"\">Chorvatsk\u00fd<\/option>\n<option value=\"tfa_3654\" id=\"tfa_3654\" data-conditionals=\"#tfa_634\" class=\"\">\u010cesky<\/option>\n<option value=\"tfa_3655\" id=\"tfa_3655\" data-conditionals=\"#tfa_634\" class=\"\">Holandsk\u00fd<\/option>\n<option value=\"tfa_3656\" id=\"tfa_3656\" data-conditionals=\"#tfa_634\" class=\"\">Persk\u00fd<\/option>\n<option value=\"tfa_3657\" id=\"tfa_3657\" data-conditionals=\"#tfa_634\" class=\"\">Filip\u00ednci<\/option>\n<option value=\"tfa_3658\" id=\"tfa_3658\" data-conditionals=\"#tfa_634\" class=\"\">Gruz\u00edn\u0161tina<\/option>\n<option value=\"tfa_3659\" id=\"tfa_3659\" data-conditionals=\"#tfa_634\" class=\"\">N\u011bm\u010dina<\/option>\n<option value=\"tfa_3660\" id=\"tfa_3660\" data-conditionals=\"#tfa_634\" class=\"\">Ma\u010far\u0161tina<\/option>\n<option value=\"tfa_3661\" id=\"tfa_3661\" data-conditionals=\"#tfa_634\" class=\"\">Indon\u00e9sk\u00fd<\/option>\n<option value=\"tfa_3662\" id=\"tfa_3662\" data-conditionals=\"#tfa_634\" class=\"\">Italsk\u00fd<\/option>\n<option value=\"tfa_3663\" id=\"tfa_3663\" data-conditionals=\"#tfa_634\" class=\"\">Japonsk\u00fd<\/option>\n<option value=\"tfa_3664\" id=\"tfa_3664\" data-conditionals=\"#tfa_634\" class=\"\">Jav\u00e1n\u0161tina<\/option>\n<option value=\"tfa_3665\" id=\"tfa_3665\" data-conditionals=\"#tfa_634\" class=\"\">Litev\u0161tina<\/option>\n<option value=\"tfa_3666\" id=\"tfa_3666\" data-conditionals=\"#tfa_634\" class=\"\">Nor\u0161tina<\/option>\n<option value=\"tfa_3667\" id=\"tfa_3667\" data-conditionals=\"#tfa_634\" class=\"\">Polsk\u00fd<\/option>\n<option value=\"tfa_3668\" id=\"tfa_3668\" data-conditionals=\"#tfa_634\" class=\"\">Rumun\u0161tina<\/option>\n<option value=\"tfa_3669\" id=\"tfa_3669\" data-conditionals=\"#tfa_634\" class=\"\">Srb\u0161tina<\/option>\n<option value=\"tfa_3670\" id=\"tfa_3670\" data-conditionals=\"#tfa_634\" class=\"\">Slovensk\u00e1<\/option>\n<option value=\"tfa_3671\" id=\"tfa_3671\" data-conditionals=\"#tfa_634\" class=\"\">\u0160v\u00e9dsk\u00fd<\/option>\n<option value=\"tfa_3672\" id=\"tfa_3672\" data-conditionals=\"#tfa_634\" class=\"\">Tagalog<\/option>\n<option value=\"tfa_3673\" id=\"tfa_3673\" data-conditionals=\"#tfa_634\" class=\"\">Tureck\u00fd<\/option>\n<option value=\"tfa_3674\" id=\"tfa_3674\" data-conditionals=\"#tfa_634\" class=\"\">Ukrajinsk\u00fd<\/option>\n<option value=\"tfa_3675\" id=\"tfa_3675\" data-conditionals=\"#tfa_634\" class=\"\">\u0158eck\u00fd<\/option><\/select><\/div>\n<\/div>\n<div id=\"tfa_634\" class=\"section group\" data-condition=\"`#tfa_63` OR `#tfa_97` OR `#tfa_148` OR `#tfa_149` OR `#tfa_150` OR `#tfa_151` OR `#tfa_152` OR `#tfa_153` OR `#tfa_154` OR `#tfa_155` OR `#tfa_156` OR `#tfa_157` OR `#tfa_734` OR `#tfa_158` OR `#tfa_727` OR `#tfa_728` OR `#tfa_729` OR `#tfa_3674` OR `#tfa_3675` OR `#tfa_3673` OR `#tfa_3672` OR `#tfa_3671` OR `#tfa_3670` OR `#tfa_3669` OR `#tfa_3668` OR `#tfa_3667` OR `#tfa_3666` OR `#tfa_3665` OR `#tfa_3664` OR `#tfa_3663` OR `#tfa_3662` OR `#tfa_3660` OR `#tfa_3661` OR `#tfa_3659` OR `#tfa_3658` OR `#tfa_3657` OR `#tfa_3656` OR `#tfa_3655` OR `#tfa_3654` OR `#tfa_3653` OR `#tfa_3652` OR `#tfa_3651` OR `#tfa_3650` OR `#tfa_3649` OR `#tfa_3648` OR `#tfa_3647` OR `#tfa_3646` OR `#tfa_743` OR `#tfa_742` OR `#tfa_741` OR `#tfa_740` OR `#tfa_739` OR `#tfa_738` OR `#tfa_737` OR `#tfa_736` OR `#tfa_735` OR `#tfa_734` OR `#tfa_733` OR `#tfa_732` OR `#tfa_731` OR `#tfa_730`\">\n<div class=\"oneField field-container-D \" id=\"tfa_635-D\">\n<label id=\"tfa_635-L\" class=\"label preField reqMark\" for=\"tfa_635\">Jm\u00e9no<\/label><br><div class=\"inputWrapper\"><input aria-required=\"true\" type=\"text\" id=\"tfa_635\" name=\"tfa_635\" value=\"\" title=\"Jm\u00e9no\" class=\"required\"><\/div>\n<\/div>\n<div class=\"oneField field-container-D \" id=\"tfa_636-D\">\n<label id=\"tfa_636-L\" class=\"label preField reqMark\" for=\"tfa_636\">Rodn\u00e9 jm\u00e9no<\/label><br><div class=\"inputWrapper\"><input aria-required=\"true\" type=\"text\" id=\"tfa_636\" name=\"tfa_636\" value=\"\" title=\"Rodn\u00e9 jm\u00e9no\" class=\"required\"><\/div>\n<\/div>\n<div class=\"oneField field-container-D \" id=\"tfa_637-D\">\n<label id=\"tfa_637-L\" class=\"label preField \" for=\"tfa_637\">E-mail<\/label><br><div class=\"inputWrapper\"><input type=\"text\" id=\"tfa_637\" name=\"tfa_637\" value=\"\" title=\"E-mail\" class=\"validate-email\"><\/div>\n<\/div>\n<div class=\"oneField field-container-D \" id=\"tfa_638-D\" role=\"group\" aria-labelledby=\"tfa_638-L\" data-tfa-labelledby=\"-L tfa_638-L\"><div class=\"inputWrapper\"><span id=\"tfa_638\" class=\"choices vertical \"><span class=\"oneChoice\"><input type=\"checkbox\" value=\"tfa_639\" class=\"\" checked data-default-value=\"true\" id=\"tfa_639\" name=\"tfa_639\" aria-labelledby=\"tfa_639-L\" data-tfa-labelledby=\"tfa_638-L tfa_639-L\" data-tfa-parent-id=\"tfa_638\"><label class=\"label postField\" id=\"tfa_639-L\" for=\"tfa_639\"><span class=\"input-checkbox-faux\"><\/span>Chci b\u00fdt informov\u00e1n o Pulse<\/label><\/span><\/span><\/div><\/div>\n<div class=\"oneField field-container-D \" id=\"tfa_640-D\" role=\"group\" aria-labelledby=\"tfa_640-L\" data-tfa-labelledby=\"-L tfa_640-L\"><div class=\"inputWrapper\"><span id=\"tfa_640\" class=\"choices vertical \"><span class=\"oneChoice\"><input type=\"checkbox\" value=\"tfa_641\" class=\"\" checked data-default-value=\"true\" id=\"tfa_641\" name=\"tfa_641\" aria-labelledby=\"tfa_641-L\" data-tfa-labelledby=\"tfa_640-L tfa_641-L\" data-tfa-parent-id=\"tfa_640\"><label class=\"label postField\" id=\"tfa_641-L\" for=\"tfa_641\"><span class=\"input-checkbox-faux\"><\/span>Po\u0161lete mi p\u011btidenn\u00ed pobo\u017enost<\/label><\/span><\/span><\/div><\/div>\n<div class=\"oneField field-container-D \" id=\"tfa_642-D\">\n<label id=\"tfa_642-L\" class=\"label preField reqMark\" for=\"tfa_642\">Zem\u011b<\/label><br><div class=\"inputWrapper\"><input aria-required=\"true\" type=\"text\" id=\"tfa_642\" name=\"tfa_642\" value=\"\" title=\"Zem\u011b\" class=\"required\"><\/div>\n<\/div>\n<div class=\"oneField field-container-D \" id=\"tfa_644-D\">\n<label id=\"tfa_644-L\" class=\"label preField \" for=\"tfa_644\">Telefonn\u00ed \u010d\u00edslo<\/label><br><div class=\"inputWrapper\"><select id=\"tfa_644\" name=\"tfa_644\" title=\"Telefonn\u00ed \u010d\u00edslo\" class=\"\"><option value=\"\">Vyberte pros\u00edm...<\/option>\n<option value=\"tfa_645\" id=\"tfa_645\" data-conditionals=\"#tfa_650\" class=\"\">Telefonn\u00ed \u010d\u00edslo<\/option>\n<option value=\"tfa_646\" id=\"tfa_646\" data-conditionals=\"#tfa_651\" class=\"\">Whatsapp<\/option>\n<option value=\"tfa_647\" id=\"tfa_647\" data-conditionals=\"#tfa_652\" class=\"\">\u0158\u00e1dek<\/option>\n<option value=\"tfa_648\" id=\"tfa_648\" data-conditionals=\"#tfa_653\" class=\"\">Viber<\/option>\n<option value=\"tfa_649\" id=\"tfa_649\" data-conditionals=\"#tfa_654\" class=\"\">Dal\u0161\u00ed<\/option><\/select><\/div>\n<\/div>\n<div class=\"oneField field-container-D \" id=\"tfa_650-D\">\n<label id=\"tfa_650-L\" class=\"label preField \" for=\"tfa_650\">Telefonn\u00ed \u010d\u00edslo<\/label><br><div class=\"inputWrapper\"><input type=\"text\" id=\"tfa_650\" name=\"tfa_650\" value=\"\" placeholder=\"(###) ###-###\" data-condition=\"`#tfa_645`\" title=\"Telefonn\u00ed \u010d\u00edslo\" class=\"\"><\/div>\n<\/div>\n<div class=\"oneField field-container-D \" id=\"tfa_651-D\">\n<label id=\"tfa_651-L\" class=\"label preField \" for=\"tfa_651\">Whatsapp<\/label><br><div class=\"inputWrapper\"><input type=\"text\" id=\"tfa_651\" name=\"tfa_651\" value=\"\" data-condition=\"`#tfa_646`\" title=\"Whatsapp\" class=\"\"><\/div>\n<\/div>\n<div class=\"oneField field-container-D \" id=\"tfa_652-D\">\n<label id=\"tfa_652-L\" class=\"label preField \" for=\"tfa_652\">\u0158\u00e1dek<\/label><br><div class=\"inputWrapper\"><input type=\"text\" id=\"tfa_652\" name=\"tfa_652\" value=\"\" data-condition=\"`#tfa_647`\" title=\"\u0158\u00e1dek\" class=\"\"><\/div>\n<\/div>\n<div class=\"oneField field-container-D \" id=\"tfa_653-D\">\n<label id=\"tfa_653-L\" class=\"label preField \" for=\"tfa_653\">Viber<\/label><br><div class=\"inputWrapper\"><input type=\"text\" id=\"tfa_653\" name=\"tfa_653\" value=\"\" data-condition=\"`#tfa_648`\" title=\"Viber\" class=\"\"><\/div>\n<\/div>\n<div class=\"oneField field-container-D \" id=\"tfa_654-D\">\n<label id=\"tfa_654-L\" class=\"label preField \" for=\"tfa_654\">Dal\u0161\u00ed<\/label><br><div class=\"inputWrapper\"><input type=\"text\" id=\"tfa_654\" name=\"tfa_654\" value=\"\" data-condition=\"`#tfa_649`\" title=\"Dal\u0161\u00ed\" class=\"\"><\/div>\n<\/div>\n<div class=\"oneField field-container-D \" id=\"tfa_655-D\">\n<label id=\"tfa_655-L\" class=\"label preField reqMark\" for=\"tfa_655\">Moje dne\u0161n\u00ed odpov\u011b\u010f<\/label><br><div class=\"inputWrapper\"><select aria-required=\"true\" id=\"tfa_655\" name=\"tfa_655\" title=\"Moje dne\u0161n\u00ed odpov\u011b\u010f\" class=\"required\"><option value=\"\">Vyberte pros\u00edm...<\/option>\n<option value=\"tfa_656\" id=\"tfa_656\" class=\"\">Poprv\u00e9 odevzd\u00e1v\u00e1m sv\u016fj \u017eivot Je\u017e\u00ed\u0161i.<\/option>\n<option value=\"tfa_657\" id=\"tfa_657\" class=\"\">Znovu odevzd\u00e1v\u00e1m sv\u016fj \u017eivot Je\u017e\u00ed\u0161i.<\/option>\n<option value=\"tfa_658\" id=\"tfa_658\" class=\"\">M\u00e1m ot\u00e1zky a r\u00e1d bych, aby se mi n\u011bkdo ozval.<\/option><\/select><\/div>\n<\/div>\n<\/div>\n<div class=\"actions\" id=\"5116871-A\" data-contentid=\"submit_button\"><input type=\"submit\" data-label=\"Submit\" class=\"primaryAction\" id=\"submit_button\" value=\"Odeslat\"><\/div>\n<div style=\"clear:both\"><\/div>\n<input type=\"hidden\" value=\"5116871\" name=\"tfa_dbFormId\" id=\"tfa_dbFormId\"><input type=\"hidden\" value=\"\" name=\"tfa_dbResponseId\" id=\"tfa_dbResponseId\"><input type=\"hidden\" value=\"5d9dce3811dda66385833068b4e9cc5e\" name=\"tfa_dbControl\" id=\"tfa_dbControl\"><input type=\"hidden\" value=\"\" name=\"tfa_dbWorkflowSessionUuid\" id=\"tfa_dbWorkflowSessionUuid\"><input type=\"hidden\" value=\"\" name=\"tfa_noOverWriteFields\" id=\"tfa_noOverWriteFields\"><input type=\"hidden\" value=\"115\" name=\"tfa_dbVersionId\" id=\"tfa_dbVersionId\"><input type=\"hidden\" value=\"\" name=\"tfa_switchedoff\" id=\"tfa_switchedoff\">\n<\/form>\n<\/div><\/div><div class=\"wFormFooter\"><p class=\"supportInfo\"><br><\/p><\/div>\n  <p class=\"supportInfo\">\n      <\/p>\n <\/div>\n    <\/div>\n\n        <script src=\"https:\/\/www.tfaforms.com\/js\/iframe_message_helper_internal.js?v=2\"><\/script>\n\n\n<\/div>\n\t\t<\/div>\n\t<\/div>\n<\/div><\/div><\/div><\/div><\/div><\/div><\/div><\/div>\n<\/div>","protected":false},"excerpt":{"rendered":"Odpov\u011bd\u011bt Pokud jste d\u00edky tomuto velkop\u00e1te\u010dn\u00edmu vys\u00edl\u00e1n\u00ed Hymnu milosti uv\u011b\u0159ili v Je\u017e\u00ed\u0161e Krista, dejte n\u00e1m o tom v\u011bd\u011bt. M\u00e1me v\u00e1s r\u00e1di a chceme v\u00e1s p\u0159ijmout do Bo\u017e\u00ed rodiny! Jako ka\u017ed\u00e1 rodina nen\u00ed dokonal\u00e1, ale je zakotvena v milosti a l\u00e1sce, kterou n\u00e1m v\u0161em B\u016fh prok\u00e1zal. Proto se k n\u011bmu obra\u0165te. Pod\u011blte se o sv\u016fj p\u0159\u00edb\u011bh.&hellip;","protected":false},"author":1,"featured_media":0,"parent":0,"menu_order":0,"comment_status":"closed","ping_status":"closed","template":"","meta":{"om_disable_all_campaigns":false,"_monsterinsights_skip_tracking":false,"_monsterinsights_sitenote_active":false,"_monsterinsights_sitenote_note":"","_monsterinsights_sitenote_category":0,"footnotes":""},"class_list":["post-2577","page","type-page","status-publish","hentry","entry","no-media"],"aioseo_notices":[],"_links":{"self":[{"href":"https:\/\/anthemofgrace.com\/es\/wp-json\/wp\/v2\/pages\/2577","targetHints":{"allow":["GET"]}}],"collection":[{"href":"https:\/\/anthemofgrace.com\/es\/wp-json\/wp\/v2\/pages"}],"about":[{"href":"https:\/\/anthemofgrace.com\/es\/wp-json\/wp\/v2\/types\/page"}],"author":[{"embeddable":true,"href":"https:\/\/anthemofgrace.com\/es\/wp-json\/wp\/v2\/users\/1"}],"replies":[{"embeddable":true,"href":"https:\/\/anthemofgrace.com\/es\/wp-json\/wp\/v2\/comments?post=2577"}],"version-history":[{"count":0,"href":"https:\/\/anthemofgrace.com\/es\/wp-json\/wp\/v2\/pages\/2577\/revisions"}],"wp:attachment":[{"href":"https:\/\/anthemofgrace.com\/es\/wp-json\/wp\/v2\/media?parent=2577"}],"curies":[{"name":"wp","href":"https:\/\/api.w.org\/{rel}","templated":true}]}}